{"id":396,"date":"2025-08-29T09:44:06","date_gmt":"2025-08-29T09:44:06","guid":{"rendered":"https:\/\/aurtec.es\/azienda\/"},"modified":"2025-10-01T11:51:10","modified_gmt":"2025-10-01T11:51:10","slug":"azienda","status":"publish","type":"page","link":"https:\/\/aurtec.es\/it\/","title":{"rendered":"Azienda"},"content":{"rendered":"\t\t<div data-elementor-type=\"wp-page\" data-elementor-id=\"396\" class=\"elementor elementor-396 elementor-109\" data-elementor-settings=\"{&quot;element_pack_global_tooltip_width&quot;:{&quot;unit&quot;:&quot;px&quot;,&quot;size&quot;:&quot;&quot;,&quot;sizes&quot;:[]},&quot;element_pack_global_tooltip_width_tablet&quot;:{&quot;unit&quot;:&quot;px&quot;,&quot;size&quot;:&quot;&quot;,&quot;sizes&quot;:[]},&quot;element_pack_global_tooltip_width_mobile&quot;:{&quot;unit&quot;:&quot;px&quot;,&quot;size&quot;:&quot;&quot;,&quot;sizes&quot;:[]},&quot;element_pack_global_tooltip_padding&quot;:{&quot;unit&quot;:&quot;px&quot;,&quot;top&quot;:&quot;&quot;,&quot;right&quot;:&quot;&quot;,&quot;bottom&quot;:&quot;&quot;,&quot;left&quot;:&quot;&quot;,&quot;isLinked&quot;:true},&quot;element_pack_global_tooltip_padding_tablet&quot;:{&quot;unit&quot;:&quot;px&quot;,&quot;top&quot;:&quot;&quot;,&quot;right&quot;:&quot;&quot;,&quot;bottom&quot;:&quot;&quot;,&quot;left&quot;:&quot;&quot;,&quot;isLinked&quot;:true},&quot;element_pack_global_tooltip_padding_mobile&quot;:{&quot;unit&quot;:&quot;px&quot;,&quot;top&quot;:&quot;&quot;,&quot;right&quot;:&quot;&quot;,&quot;bottom&quot;:&quot;&quot;,&quot;left&quot;:&quot;&quot;,&quot;isLinked&quot;:true},&quot;element_pack_global_tooltip_border_radius&quot;:{&quot;unit&quot;:&quot;px&quot;,&quot;top&quot;:&quot;&quot;,&quot;right&quot;:&quot;&quot;,&quot;bottom&quot;:&quot;&quot;,&quot;left&quot;:&quot;&quot;,&quot;isLinked&quot;:true},&quot;element_pack_global_tooltip_border_radius_tablet&quot;:{&quot;unit&quot;:&quot;px&quot;,&quot;top&quot;:&quot;&quot;,&quot;right&quot;:&quot;&quot;,&quot;bottom&quot;:&quot;&quot;,&quot;left&quot;:&quot;&quot;,&quot;isLinked&quot;:true},&quot;element_pack_global_tooltip_border_radius_mobile&quot;:{&quot;unit&quot;:&quot;px&quot;,&quot;top&quot;:&quot;&quot;,&quot;right&quot;:&quot;&quot;,&quot;bottom&quot;:&quot;&quot;,&quot;left&quot;:&quot;&quot;,&quot;isLinked&quot;:true}}\" data-elementor-post-type=\"page\">\n\t\t\t\t<div class=\"elementor-element elementor-element-b7bc97b e-flex e-con-boxed e-con e-parent\" data-id=\"b7bc97b\" data-element_type=\"container\" data-e-type=\"container\">\n\t\t\t\t\t<div class=\"e-con-inner\">\n\t\t<div class=\"elementor-element elementor-element-4844892 e-con-full e-flex e-con e-child\" data-id=\"4844892\" data-element_type=\"container\" data-e-type=\"container\">\n\t\t\t\t<div class=\"elementor-element elementor-element-043c0bd elementor-widget__width-initial elementor-widget elementor-widget-video\" data-id=\"043c0bd\" data-element_type=\"widget\" data-e-type=\"widget\" data-settings=\"{&quot;video_type&quot;:&quot;hosted&quot;,&quot;autoplay&quot;:&quot;yes&quot;,&quot;play_on_mobile&quot;:&quot;yes&quot;,&quot;mute&quot;:&quot;yes&quot;,&quot;loop&quot;:&quot;yes&quot;}\" data-widget_type=\"video.default\">\n\t\t\t\t\t\t\t<div class=\"e-hosted-video elementor-wrapper elementor-open-inline\">\n\t\t\t\t\t<video class=\"elementor-video\" src=\"https:\/\/aurtec.es\/wp-content\/uploads\/2025\/08\/0829.mp4\" autoplay=\"\" loop=\"\" muted=\"muted\" playsinline=\"\" controlsList=\"nodownload\"><\/video>\n\t\t\t\t<\/div>\n\t\t\t\t\t\t<\/div>\n\t\t\t\t<\/div>\n\t\t<div class=\"elementor-element elementor-element-6957094 e-con-full e-flex e-con e-child\" data-id=\"6957094\" data-element_type=\"container\" data-e-type=\"container\">\n\t\t\t\t<div class=\"elementor-element elementor-element-56f7bf1 elementor-widget elementor-widget-heading\" data-id=\"56f7bf1\" data-element_type=\"widget\" data-e-type=\"widget\" data-widget_type=\"heading.default\">\n\t\t\t\t\t<h2 class=\"elementor-heading-title elementor-size-default\">AURTEC BIERZO S.L<\/h2>\t\t\t\t<\/div>\n\t\t\t\t<div class=\"elementor-element elementor-element-d38a7bd elementor-widget-divider--view-line elementor-widget elementor-widget-divider\" data-id=\"d38a7bd\" data-element_type=\"widget\" data-e-type=\"widget\" data-widget_type=\"divider.default\">\n\t\t\t\t\t\t\t<div class=\"elementor-divider\">\n\t\t\t<span class=\"elementor-divider-separator\">\n\t\t\t\t\t\t<\/span>\n\t\t<\/div>\n\t\t\t\t\t\t<\/div>\n\t\t\t\t<div class=\"elementor-element elementor-element-b7220b0 elementor-widget elementor-widget-text-editor\" data-id=\"b7220b0\" data-element_type=\"widget\" data-e-type=\"widget\" data-widget_type=\"text-editor.default\">\n\t\t\t\t\t\t\t\t\t<p>In Aurtec Bierzo S.L. dal 2017 offriamo soluzioni integrate nel settore dei macchinari per la produzione del vetro.<\/p>\n<p>Con sede en Ponferrada, en pleno coraz\u00f3n del Bierzo, contamos con m\u00e1s de 25 a\u00f1os de experiencia que avalan nuestro compromiso con la calidad, la innovaci\u00f3n y el servicio al cliente.<\/p>\n<p>Siamo specializzati nella consulenza tecnica, nella manutenzione preventiva e correttiva, nonch\u00e9 nella riparazione di guasti e modifiche ai macchinari, adattandoci alle esigenze di ogni cliente. Inoltre, disponiamo di un\u2019officina propria dove ricondizioniamo macchinari usati e sviluppiamo nuove attrezzature con tecnologia avanzata e finiture personalizzate.<\/p>\n<p>Offriamo anche un&#8217;ampia gamma di macchine in vendita, sia<br>nuove che ricondizionate, con diverse configurazioni e finiture in base alle preferenze o ai requisiti di ogni progetto.&nbsp;<\/p>\n<p>Il nostro obiettivo \u00e8 chiaro: offrire ai nostri clienti un servizio rapido, personalizzato e con tutte le garanzie, basato sulla fiducia, la trasparenza e l\u2019eccellenza tecnica.<\/p>\t\t\t\t\t\t\t\t<\/div>\n\t\t\t\t<div class=\"elementor-element elementor-element-75f9d7e elementor-widget elementor-widget-bdt-creative-button\" data-id=\"75f9d7e\" data-element_type=\"widget\" data-e-type=\"widget\" data-widget_type=\"bdt-creative-button.default\">\n\t\t\t\t\t\t\t\t\t\t<a href=\"#\" class=\"bdt-ep-creative-button bdt-ep-creative-button--pandora\"><span>RICHIEDI PREVENTIVO<\/span><\/a>\n\t\t\n\t\t\t\t\t\t<\/div>\n\t\t\t\t<\/div>\n\t\t\t\t\t<\/div>\n\t\t\t\t<\/div>\n\t\t\t\t<\/div>\n\t\t","protected":false},"excerpt":{"rendered":"<p>https:\/\/aurtec.es\/wp-content\/uploads\/2025\/08\/0829.mp4 AURTEC BIERZO S.L In Aurtec Bierzo S.L. dal 2017 offriamo soluzioni integrate nel settore dei macchinari per la produzione del vetro. Con sede en Ponferrada, en pleno coraz\u00f3n del Bierzo, contamos con m\u00e1s de 25 a\u00f1os de experiencia que avalan nuestro compromiso con la calidad, la innovaci\u00f3n y el servicio al cliente. Siamo specializzati [&hellip;]<\/p>\n","protected":false},"author":2,"featured_media":0,"parent":0,"menu_order":0,"comment_status":"closed","ping_status":"closed","template":"","meta":{"footnotes":""},"class_list":["post-396","page","type-page","status-publish","hentry"],"_links":{"self":[{"href":"https:\/\/aurtec.es\/it\/wp-json\/wp\/v2\/pages\/396","targetHints":{"allow":["GET"]}}],"collection":[{"href":"https:\/\/aurtec.es\/it\/wp-json\/wp\/v2\/pages"}],"about":[{"href":"https:\/\/aurtec.es\/it\/wp-json\/wp\/v2\/types\/page"}],"author":[{"embeddable":true,"href":"https:\/\/aurtec.es\/it\/wp-json\/wp\/v2\/users\/2"}],"replies":[{"embeddable":true,"href":"https:\/\/aurtec.es\/it\/wp-json\/wp\/v2\/comments?post=396"}],"version-history":[{"count":2,"href":"https:\/\/aurtec.es\/it\/wp-json\/wp\/v2\/pages\/396\/revisions"}],"predecessor-version":[{"id":445,"href":"https:\/\/aurtec.es\/it\/wp-json\/wp\/v2\/pages\/396\/revisions\/445"}],"wp:attachment":[{"href":"https:\/\/aurtec.es\/it\/wp-json\/wp\/v2\/media?parent=396"}],"curies":[{"name":"wp","href":"https:\/\/api.w.org\/{rel}","templated":true}]}}